{"id":2955,"date":"2024-12-20T14:17:29","date_gmt":"2024-12-20T13:17:29","guid":{"rendered":"https:\/\/dev.1a-retail.de\/impressum\/"},"modified":"2026-04-20T22:44:11","modified_gmt":"2026-04-20T20:44:11","slug":"impressum","status":"publish","type":"page","link":"https:\/\/1a-retail.de\/en\/impressum\/","title":{"rendered":"Imprint"},"content":{"rendered":"\t\t<div data-elementor-type=\"wp-page\" data-elementor-id=\"2955\" class=\"elementor elementor-2955 elementor-1857\" data-elementor-post-type=\"page\">\n\t\t\t\t<div class=\"elementor-element elementor-element-184a5e5 e-flex e-con-boxed e-con e-parent\" data-id=\"184a5e5\" data-element_type=\"container\" data-e-type=\"container\">\n\t\t\t\t\t<div class=\"e-con-inner\">\n\t\t\t\t<div class=\"elementor-element elementor-element-9e10c43 elementor-widget elementor-widget-text-editor\" data-id=\"9e10c43\" data-element_type=\"widget\" data-e-type=\"widget\" data-widget_type=\"text-editor.default\">\n\t\t\t\t<div class=\"elementor-widget-container\">\n\t\t\t\t\t\t\t\t\t<p><strong>Impressum<\/strong><\/p><p>1A Retail GmbH<br>Herzogspitalstra\u00dfe 10<br>80331 M\u00fcnchen<br>T +49 89 4523517-0<br>F +49 89 4523517-20<br>office@1a-retail.com<\/p><p>Gesch\u00e4ftsf\u00fchrerin: Sabine St\u00f6hr<br>Firmensitz M\u00fcnchen, Amtsgericht M\u00fcnchen, HRB 172496<br>Steuernummer: 143\/132\/80757<\/p><p>Aufsichtsbeh\u00f6rde:<br>IHK f\u00fcr M\u00fcnchen und Oberbayern<br>Max-Joseph-Stra\u00dfe 2<br>80333 M\u00fcnchen<\/p><p>Nutzungsbedingungen:<br>Die Inhalte der Internetseiten der 1A Retail GmbH wurden sorgf\u00e4ltig erarbeitet. Gleichwohl k\u00f6nnen unbeabsichtigt Fehler auftreten. Wir weisen darauf hin, dass die Informationen auf den Internetseiten der 1A Retail GmbH allgemeiner Art sind, die nicht auf die besonderen Bed\u00fcrfnisse im Einzelfall abgestimmt sind. Wir \u00fcbernehmen keine Gew\u00e4hr f\u00fcr Aktualit\u00e4t, Richtigkeit und Vollst\u00e4ndigkeit der Informationen. Dies gilt auch f\u00fcr Informationen auf externen Internetseiten, auf die \u00fcber Hyperlinks oder andere Verweise verlinkt wird.    <\/p><p>Urheberrecht:<br>Inhalt, Design und Struktur unserer Webseite sind urheberrechtlich gesch\u00fctzt. Alle Rechte sind vorbehalten. Informationen oder Daten (Text, Bild, Grafik, Ton, Video oder Animationsdateien) der Internetseiten der 1A Retail GmbH d\u00fcrfen nicht ohne vorherige schriftliche Zustimmung der 1A Retail GmbH in irgendeiner Form genutzt oder verwendet werden, auch nicht auszugsweise.  <\/p><p>Online-Streitbeilegung gem\u00e4\u00df Art. 14 Abs. 1 ODR-VO:<br>Die Europ\u00e4ische Kommission stellt eine Plattform zur Online-Streitbeilegung (OS) bereit.<br>Diese finden Sie unter: <a href=\"http:\/\/ec.europa.eu\/consumers\" target=\"_blank\" rel=\"noopener\">http:\/\/ec.europa.eu\/consumers<\/a> <\/p>\t\t\t\t\t\t\t\t<\/div>\n\t\t\t\t<\/div>\n\t\t\t\t<div class=\"elementor-element elementor-element-248d5a1 elementor-widget elementor-widget-text-editor\" data-id=\"248d5a1\" data-element_type=\"widget\" data-e-type=\"widget\" data-widget_type=\"text-editor.default\">\n\t\t\t\t<div class=\"elementor-widget-container\">\n\t\t\t\t\t\t\t\t\t<p>Urheberrechtliche Hinweise<br>\u00a9Sabine St\u00f6hr, \u00a9ankner buchholz architekten, \u00a9RPA<\/p>\t\t\t\t\t\t\t\t<\/div>\n\t\t\t\t<\/div>\n\t\t\t\t\t<\/div>\n\t\t\t\t<\/div>\n\t\t\t\t<\/div>\n\t\t","protected":false},"excerpt":{"rendered":"<p>Impressum 1A Retail GmbHHerzogspitalstra\u00dfe 1080331 M\u00fcnchenT +49 89 4523517-0F +49 89 4523517-20office@1a-retail.com Gesch\u00e4ftsf\u00fchrerin: Sabine St\u00f6hrFirmensitz M\u00fcnchen, Amtsgericht M\u00fcnchen, HRB 172496Steuernummer: 143\/132\/80757 Aufsichtsbeh\u00f6rde:IHK f\u00fcr M\u00fcnchen und OberbayernMax-Joseph-Stra\u00dfe 280333 M\u00fcnchen Nutzungsbedingungen:Die Inhalte der Internetseiten der 1A Retail GmbH wurden sorgf\u00e4ltig erarbeitet. Gleichwohl k\u00f6nnen unbeabsichtigt Fehler auftreten. Wir weisen darauf hin, dass die Informationen auf den Internetseiten der [&hellip;]<\/p>\n","protected":false},"author":1,"featured_media":0,"parent":0,"menu_order":0,"comment_status":"closed","ping_status":"closed","template":"","meta":{"footnotes":""},"class_list":["post-2955","page","type-page","status-publish","hentry"],"yoast_head":"<!-- This site is optimized with the Yoast SEO plugin v27.4 - https:\/\/yoast.com\/product\/yoast-seo-wordpress\/ -->\n<title>Imprint - 1A Retail<\/title>\n<meta name=\"robots\" content=\"index, follow, max-snippet:-1, max-image-preview:large, max-video-preview:-1\" \/>\n<link rel=\"canonical\" href=\"https:\/\/1a-retail.de\/impressum\/\" \/>\n<meta property=\"og:locale\" content=\"en_US\" \/>\n<meta property=\"og:type\" content=\"article\" \/>\n<meta property=\"og:title\" content=\"Imprint - 1A Retail\" \/>\n<meta property=\"og:description\" content=\"Impressum 1A Retail GmbHHerzogspitalstra\u00dfe 1080331 M\u00fcnchenT +49 89 4523517-0F +49 89 4523517-20office@1a-retail.com Gesch\u00e4ftsf\u00fchrerin: Sabine St\u00f6hrFirmensitz M\u00fcnchen, Amtsgericht M\u00fcnchen, HRB 172496Steuernummer: 143\/132\/80757 Aufsichtsbeh\u00f6rde:IHK f\u00fcr M\u00fcnchen und OberbayernMax-Joseph-Stra\u00dfe 280333 M\u00fcnchen Nutzungsbedingungen:Die Inhalte der Internetseiten der 1A Retail GmbH wurden sorgf\u00e4ltig erarbeitet. Gleichwohl k\u00f6nnen unbeabsichtigt Fehler auftreten. Wir weisen darauf hin, dass die Informationen auf den Internetseiten der [&hellip;]\" \/>\n<meta property=\"og:url\" content=\"https:\/\/1a-retail.de\/impressum\/\" \/>\n<meta property=\"og:site_name\" content=\"1A Retail\" \/>\n<meta property=\"article:modified_time\" content=\"2026-04-20T20:44:11+00:00\" \/>\n<meta name=\"twitter:card\" content=\"summary_large_image\" \/>\n<meta name=\"twitter:label1\" content=\"Est. reading time\" \/>\n\t<meta name=\"twitter:data1\" content=\"2 minutes\" \/>\n<script type=\"application\/ld+json\" class=\"yoast-schema-graph\">{\"@context\":\"https:\\\/\\\/schema.org\",\"@graph\":[{\"@type\":\"WebPage\",\"@id\":\"https:\\\/\\\/1a-retail.de\\\/impressum\\\/\",\"url\":\"https:\\\/\\\/1a-retail.de\\\/impressum\\\/\",\"name\":\"Imprint - 1A Retail\",\"isPartOf\":{\"@id\":\"https:\\\/\\\/1a-retail.de\\\/#website\"},\"datePublished\":\"2024-12-20T13:17:29+00:00\",\"dateModified\":\"2026-04-20T20:44:11+00:00\",\"breadcrumb\":{\"@id\":\"https:\\\/\\\/1a-retail.de\\\/impressum\\\/#breadcrumb\"},\"inLanguage\":\"en-US\",\"potentialAction\":[{\"@type\":\"ReadAction\",\"target\":[\"https:\\\/\\\/1a-retail.de\\\/impressum\\\/\"]}]},{\"@type\":\"BreadcrumbList\",\"@id\":\"https:\\\/\\\/1a-retail.de\\\/impressum\\\/#breadcrumb\",\"itemListElement\":[{\"@type\":\"ListItem\",\"position\":1,\"name\":\"Startseite\",\"item\":\"https:\\\/\\\/1a-retail.de\\\/\"},{\"@type\":\"ListItem\",\"position\":2,\"name\":\"Imprint\"}]},{\"@type\":\"WebSite\",\"@id\":\"https:\\\/\\\/1a-retail.de\\\/#website\",\"url\":\"https:\\\/\\\/1a-retail.de\\\/\",\"name\":\"1A Retail\",\"description\":\"Innovative L\u00f6sungen im Retail-Bereich\",\"publisher\":{\"@id\":\"https:\\\/\\\/1a-retail.de\\\/#organization\"},\"potentialAction\":[{\"@type\":\"SearchAction\",\"target\":{\"@type\":\"EntryPoint\",\"urlTemplate\":\"https:\\\/\\\/1a-retail.de\\\/?s={search_term_string}\"},\"query-input\":{\"@type\":\"PropertyValueSpecification\",\"valueRequired\":true,\"valueName\":\"search_term_string\"}}],\"inLanguage\":\"en-US\"},{\"@type\":\"Organization\",\"@id\":\"https:\\\/\\\/1a-retail.de\\\/#organization\",\"name\":\"1A Retail\",\"url\":\"https:\\\/\\\/1a-retail.de\\\/\",\"logo\":{\"@type\":\"ImageObject\",\"inLanguage\":\"en-US\",\"@id\":\"https:\\\/\\\/1a-retail.de\\\/#\\\/schema\\\/logo\\\/image\\\/\",\"url\":\"https:\\\/\\\/1a-retail.de\\\/wp-content\\\/uploads\\\/2024\\\/10\\\/1A-RETAIL_2026.jpg\",\"contentUrl\":\"https:\\\/\\\/1a-retail.de\\\/wp-content\\\/uploads\\\/2024\\\/10\\\/1A-RETAIL_2026.jpg\",\"width\":350,\"height\":100,\"caption\":\"1A Retail\"},\"image\":{\"@id\":\"https:\\\/\\\/1a-retail.de\\\/#\\\/schema\\\/logo\\\/image\\\/\"}}]}<\/script>\n<!-- \/ Yoast SEO plugin. -->","yoast_head_json":{"title":"Imprint - 1A Retail","robots":{"index":"index","follow":"follow","max-snippet":"max-snippet:-1","max-image-preview":"max-image-preview:large","max-video-preview":"max-video-preview:-1"},"canonical":"https:\/\/1a-retail.de\/impressum\/","og_locale":"en_US","og_type":"article","og_title":"Imprint - 1A Retail","og_description":"Impressum 1A Retail GmbHHerzogspitalstra\u00dfe 1080331 M\u00fcnchenT +49 89 4523517-0F +49 89 4523517-20office@1a-retail.com Gesch\u00e4ftsf\u00fchrerin: Sabine St\u00f6hrFirmensitz M\u00fcnchen, Amtsgericht M\u00fcnchen, HRB 172496Steuernummer: 143\/132\/80757 Aufsichtsbeh\u00f6rde:IHK f\u00fcr M\u00fcnchen und OberbayernMax-Joseph-Stra\u00dfe 280333 M\u00fcnchen Nutzungsbedingungen:Die Inhalte der Internetseiten der 1A Retail GmbH wurden sorgf\u00e4ltig erarbeitet. Gleichwohl k\u00f6nnen unbeabsichtigt Fehler auftreten. Wir weisen darauf hin, dass die Informationen auf den Internetseiten der [&hellip;]","og_url":"https:\/\/1a-retail.de\/impressum\/","og_site_name":"1A Retail","article_modified_time":"2026-04-20T20:44:11+00:00","twitter_card":"summary_large_image","twitter_misc":{"Est. reading time":"2 minutes"},"schema":{"@context":"https:\/\/schema.org","@graph":[{"@type":"WebPage","@id":"https:\/\/1a-retail.de\/impressum\/","url":"https:\/\/1a-retail.de\/impressum\/","name":"Imprint - 1A Retail","isPartOf":{"@id":"https:\/\/1a-retail.de\/#website"},"datePublished":"2024-12-20T13:17:29+00:00","dateModified":"2026-04-20T20:44:11+00:00","breadcrumb":{"@id":"https:\/\/1a-retail.de\/impressum\/#breadcrumb"},"inLanguage":"en-US","potentialAction":[{"@type":"ReadAction","target":["https:\/\/1a-retail.de\/impressum\/"]}]},{"@type":"BreadcrumbList","@id":"https:\/\/1a-retail.de\/impressum\/#breadcrumb","itemListElement":[{"@type":"ListItem","position":1,"name":"Startseite","item":"https:\/\/1a-retail.de\/"},{"@type":"ListItem","position":2,"name":"Imprint"}]},{"@type":"WebSite","@id":"https:\/\/1a-retail.de\/#website","url":"https:\/\/1a-retail.de\/","name":"1A Retail","description":"Innovative L\u00f6sungen im Retail-Bereich","publisher":{"@id":"https:\/\/1a-retail.de\/#organization"},"potentialAction":[{"@type":"SearchAction","target":{"@type":"EntryPoint","urlTemplate":"https:\/\/1a-retail.de\/?s={search_term_string}"},"query-input":{"@type":"PropertyValueSpecification","valueRequired":true,"valueName":"search_term_string"}}],"inLanguage":"en-US"},{"@type":"Organization","@id":"https:\/\/1a-retail.de\/#organization","name":"1A Retail","url":"https:\/\/1a-retail.de\/","logo":{"@type":"ImageObject","inLanguage":"en-US","@id":"https:\/\/1a-retail.de\/#\/schema\/logo\/image\/","url":"https:\/\/1a-retail.de\/wp-content\/uploads\/2024\/10\/1A-RETAIL_2026.jpg","contentUrl":"https:\/\/1a-retail.de\/wp-content\/uploads\/2024\/10\/1A-RETAIL_2026.jpg","width":350,"height":100,"caption":"1A Retail"},"image":{"@id":"https:\/\/1a-retail.de\/#\/schema\/logo\/image\/"}}]}},"_links":{"self":[{"href":"https:\/\/1a-retail.de\/en\/wp-json\/wp\/v2\/pages\/2955","targetHints":{"allow":["GET"]}}],"collection":[{"href":"https:\/\/1a-retail.de\/en\/wp-json\/wp\/v2\/pages"}],"about":[{"href":"https:\/\/1a-retail.de\/en\/wp-json\/wp\/v2\/types\/page"}],"author":[{"embeddable":true,"href":"https:\/\/1a-retail.de\/en\/wp-json\/wp\/v2\/users\/1"}],"replies":[{"embeddable":true,"href":"https:\/\/1a-retail.de\/en\/wp-json\/wp\/v2\/comments?post=2955"}],"version-history":[{"count":2,"href":"https:\/\/1a-retail.de\/en\/wp-json\/wp\/v2\/pages\/2955\/revisions"}],"predecessor-version":[{"id":3024,"href":"https:\/\/1a-retail.de\/en\/wp-json\/wp\/v2\/pages\/2955\/revisions\/3024"}],"wp:attachment":[{"href":"https:\/\/1a-retail.de\/en\/wp-json\/wp\/v2\/media?parent=2955"}],"curies":[{"name":"wp","href":"https:\/\/api.w.org\/{rel}","templated":true}]}}